{"id":58,"date":"2017-01-26T12:32:01","date_gmt":"2017-01-26T11:32:01","guid":{"rendered":"http:\/\/www.budapestatumanera.com\/?page_id=58"},"modified":"2022-01-18T14:57:12","modified_gmt":"2022-01-18T13:57:12","slug":"haz-tu-reserva","status":"publish","type":"page","link":"https:\/\/www.budapestatumanera.com\/index.php\/haz-tu-reserva\/","title":{"rendered":"HAZ TU RESERVA"},"content":{"rendered":"<div class=\"fusion-fullwidth fullwidth-box fusion-builder-row-1 nonhundred-percent-fullwidth non-hundred-percent-height-scrolling\" style=\"--awb-background-position:left top;--awb-border-radius-top-left:0px;--awb-border-radius-top-right:0px;--awb-border-radius-bottom-right:0px;--awb-border-radius-bottom-left:0px;--awb-padding-top:20px;--awb-padding-bottom:20px;--awb-border-sizes-top:0px;--awb-border-sizes-bottom:0px;--awb-flex-wrap:wrap;\" ><div class=\"fusion-builder-row fusion-row\"><div class=\"fusion-layout-column fusion_builder_column fusion-builder-column-0 fusion_builder_column_1_2 1_2 fusion-one-half fusion-column-first\" style=\"--awb-bg-size:cover;width:48%; margin-right: 4%;\"><div class=\"fusion-column-wrapper fusion-flex-column-wrapper-legacy\"><div class=\"fusion-text fusion-text-1\">\n\n<!-- Fast Secure Contact Form plugin 4.0.50 - begin - FastSecureContactForm.com -->\r\n<div style=\"clear:both;\"><\/div>\n<p>Cont\u00e1ctanos para m\u00e1s informaci\u00f3n.<\/p>\r\n<div id=\"FSContact1\" style=\"width:99%; max-width:555px;\">\r\n<form action=\"https:\/\/www.budapestatumanera.com\/index.php\/wp-json\/wp\/v2\/pages\/58#FSContact1\" id=\"fscf_form1\" method=\"post\">\r\n\n<div id=\"fscf_required1\">\n  <span style=\"text-align:left;\">*<\/span> <span style=\"text-align:left;\">Campo obligatorio<\/span>\n<\/div>\n\n\n<div id=\"fscf_div_clear1_0\" style=\"clear:both;\">\n  <div id=\"fscf_div_field1_0\" style=\"clear:left; float:left; width:99%; max-width:550px; margin-right:10px;\">\r\n    <div style=\"text-align:left; padding-top:5px;\">\n      <label style=\"text-align:left;\" for=\"fscf_name1\">Nombre<span style=\"text-align:left;\">*<\/span><\/label>\n    <\/div>\r\n    <div style=\"text-align:left;\">\r\n      <input style=\"text-align:left; margin:0; width:99%; max-width:250px;\" type=\"text\" id=\"fscf_name1\" name=\"full_name\" value=\"\"  \/>\r\n    <\/div>\r\n  <\/div>\n<\/div>\n\n<div id=\"fscf_div_clear1_1\" style=\"clear:both;\">\n  <div id=\"fscf_div_field1_1\" style=\"clear:left; float:left; width:99%; max-width:550px; margin-right:10px;\">\n    <div style=\"text-align:left; padding-top:5px;\">\n      <label style=\"text-align:left;\" for=\"fscf_email1\">Correo electr\u00f3nico<span style=\"text-align:left;\">*<\/span><\/label>\n    <\/div>\n    <div style=\"text-align:left;\">\n      <input style=\"text-align:left; margin:0; width:99%; max-width:250px;\" type=\"text\" id=\"fscf_email1\" name=\"email\" value=\"\"  \/>\n    <\/div>\n  <\/div>\n<\/div>\n\n<div id=\"fscf_div_clear1_2\" style=\"clear:both;\">\n  <div id=\"fscf_div_field1_2\" style=\"clear:left; float:left; width:99%; max-width:550px; margin-right:10px;\">\n    <div style=\"text-align:left; padding-top:5px;\">\n      <label style=\"text-align:left;\" for=\"fscf_field1_2\">Asunto<span style=\"text-align:left;\">*<\/span><\/label>\n    <\/div>\n    <div style=\"text-align:left;\">\n      <select style=\"text-align:left;\" id=\"fscf_field1_2\" name=\"subject[]\">\n        <option value=\"1\" selected=\"selected\">Elija de las siguientes rutas<\/option>\n        <option value=\"2\">H\u00fangaro expr\u00e9s en 1 hora grupo abierto<\/option>\n        <option value=\"3\">H\u00fangaro expr\u00e9s en 1 hora grupo privado<\/option>\n        <option value=\"4\">Primer paso Budapest en 2 horas Grupo abierto<\/option>\n        <option value=\"5\">Primer paso Budapest en 2 horas Grupo privado<\/option>\n        <option value=\"6\">Vive Budapest como un local 3 horas grupo privado<\/option>\n        <option value=\"7\">Vive Budapest como un local 6 horas grupo privado<\/option>\n      <\/select>\n    <\/div>\n  <\/div>\n<\/div>\n\n<div id=\"fscf_div_clear1_4\" style=\"clear:both;\">\n  <div id=\"fscf_div_field1_4\" style=\"clear:left; float:left; width:99%; max-width:550px; margin-right:10px;\">\n    <div  id=\"fscf_label1_4\" style=\"text-align:left; padding-top:5px;\">\r\n      <label style=\"text-align:left;\" for=\"fscf_field1_4\">Elige n\u00famero de participantes<span style=\"text-align:left;\">*<\/span><\/label>\n    <\/div>\n    <div style=\"text-align:left;\">\n      <select style=\"text-align:left;\" id=\"fscf_field1_4\" name=\"choose-number-of-participantes[]\">\n        <option value=\"1\">1<\/option>\n        <option value=\"2\">2<\/option>\n        <option value=\"3\">3<\/option>\n        <option value=\"4\">4<\/option>\n        <option value=\"5\">5<\/option>\n        <option value=\"6\">6<\/option>\n      <\/select>\n    <\/div>\n  <\/div>\n<\/div>\n\n<div id=\"fscf_div_clear1_5\" style=\"clear:both;\">\n  <div id=\"fscf_div_field1_5\" style=\"clear:left; float:left; width:99%; max-width:550px; margin-right:10px;\">\n    <div  id=\"fscf_label1_5\" style=\"text-align:left; padding-top:5px;\">\r\n      <label style=\"text-align:left;\" for=\"fscf_field1_5\">Tu fecha preferida<span style=\"text-align:left;\">*<\/span><\/label>\n    <\/div>\n    <div style=\"text-align:left;\">\n      <input style=\"text-align:left; margin:0; width:99%; max-width:250px;\" type=\"text\" id=\"fscf_field1_5\" name=\"Your-Preferred-Date\" value=\"dd\/mm\/yyyy\"  size=\"15\"  \/>\n    <\/div>\n  <\/div>\n<\/div>\n\n<div id=\"fscf_div_clear1_3\" style=\"clear:both;\">\n  <div id=\"fscf_div_field1_3\" style=\"clear:left; float:left; width:99%; max-width:550px; margin-right:10px;\">\n    <div style=\"text-align:left; padding-top:5px;\">\n      <label style=\"text-align:left;\" for=\"fscf_field1_3\">Mensaie<\/label>\n    <\/div>\n    <div style=\"text-align:left;\">\n      <textarea style=\"text-align:left; margin:0; width:99%; max-width:250px; height:120px;\" id=\"fscf_field1_3\" name=\"message\" cols=\"30\" rows=\"10\" ><\/textarea>\n    <\/div>\n  <\/div>\n<\/div>\r\n<div style=\"clear:both;\"><\/div>\n\n<div style=\"text-align:left; padding-top:5px;\">\n<\/div>\n<div id=\"fscf_recaptcha1\"><\/div>\n\n<div id=\"fscf_submit_div1\" style=\"text-align:left; clear:both; padding-top:15px;\">\r\n\t\t<input type=\"submit\" id=\"fscf_submit1\" style=\"cursor:pointer; margin:0;\" value=\"Enviar\"  onclick=\"this.disabled=true; this.value='Enviando...'; this.form.submit();\" \/> \n<\/div>\n\n<input type=\"hidden\" name=\"fscf_submitted\" value=\"0\" \/>\n<input type=\"hidden\" name=\"fs_postonce_1\" value=\"73c9f0776f775057e6c9c94203667c16,1776033732\" \/>\n<input type=\"hidden\" name=\"si_contact_action\" value=\"send\" \/>\n<input type=\"hidden\" name=\"form_id\" value=\"1\" \/>\n<input type=\"hidden\" name=\"mailto_id\" value=\"1\" \/>\n\n<\/form>\n<\/div>\r\n<div style=\"clear:both;\"><\/div>\n\n<!-- Fast Secure Contact Form plugin 4.0.50 - end - FastSecureContactForm.com -->\n\n<p>&nbsp;<\/p>\n<p><strong>Por favor, revisa tambi\u00e9n tu carpeta de Correo no deseado.<\/strong><\/p>\n<\/div><div class=\"fusion-clearfix\"><\/div><\/div><\/div><div class=\"fusion-layout-column fusion_builder_column fusion-builder-column-1 fusion_builder_column_1_2 1_2 fusion-one-half fusion-column-last\" style=\"--awb-bg-size:cover;width:48%;\"><div class=\"fusion-column-wrapper fusion-flex-column-wrapper-legacy\"><div class=\"fusion-clearfix\"><\/div><\/div><\/div><\/div><\/div>\n","protected":false},"excerpt":{"rendered":"","protected":false},"author":1,"featured_media":0,"parent":0,"menu_order":0,"comment_status":"closed","ping_status":"closed","template":"100-width.php","meta":{"footnotes":""},"class_list":["post-58","page","type-page","status-publish","hentry"],"yoast_head":"<!-- This site is optimized with the Yoast SEO plugin v23.3 - https:\/\/yoast.com\/wordpress\/plugins\/seo\/ -->\n<title>HAZ TU RESERVA | Budapest a tu manera<\/title>\n<meta name=\"description\" content=\"H\u00fangaro expr\u00e9s 1 hora. H\u00fangaro expr\u00e9s 2 horas. Vive Budapest como un local. Grupos privados y abiertos con un m\u00e1ximo de 6 personas.\" \/>\n<meta name=\"robots\" content=\"index, follow, max-snippet:-1, max-image-preview:large, max-video-preview:-1\" \/>\n<link rel=\"canonical\" href=\"https:\/\/www.budapestatumanera.com\/index.php\/haz-tu-reserva\/\" \/>\n<meta property=\"og:locale\" content=\"hu_HU\" \/>\n<meta property=\"og:type\" content=\"article\" \/>\n<meta property=\"og:title\" content=\"HAZ TU RESERVA | Budapest a tu manera\" \/>\n<meta property=\"og:description\" content=\"H\u00fangaro expr\u00e9s 1 hora. H\u00fangaro expr\u00e9s 2 horas. Vive Budapest como un local. Grupos privados y abiertos con un m\u00e1ximo de 6 personas.\" \/>\n<meta property=\"og:url\" content=\"https:\/\/www.budapestatumanera.com\/index.php\/haz-tu-reserva\/\" \/>\n<meta property=\"og:site_name\" content=\"Budapest a tu manera\" \/>\n<meta property=\"article:modified_time\" content=\"2022-01-18T13:57:12+00:00\" \/>\n<meta name=\"twitter:card\" content=\"summary_large_image\" \/>\n<meta name=\"twitter:label1\" content=\"Becs\u00fclt olvas\u00e1si id\u0151\" \/>\n\t<meta name=\"twitter:data1\" content=\"1 perc\" \/>\n<script type=\"application\/ld+json\" class=\"yoast-schema-graph\">{\"@context\":\"https:\/\/schema.org\",\"@graph\":[{\"@type\":\"WebPage\",\"@id\":\"https:\/\/www.budapestatumanera.com\/index.php\/haz-tu-reserva\/\",\"url\":\"https:\/\/www.budapestatumanera.com\/index.php\/haz-tu-reserva\/\",\"name\":\"HAZ TU RESERVA | Budapest a tu manera\",\"isPartOf\":{\"@id\":\"https:\/\/www.budapestatumanera.com\/#website\"},\"datePublished\":\"2017-01-26T11:32:01+00:00\",\"dateModified\":\"2022-01-18T13:57:12+00:00\",\"description\":\"H\u00fangaro expr\u00e9s 1 hora. H\u00fangaro expr\u00e9s 2 horas. Vive Budapest como un local. Grupos privados y abiertos con un m\u00e1ximo de 6 personas.\",\"breadcrumb\":{\"@id\":\"https:\/\/www.budapestatumanera.com\/index.php\/haz-tu-reserva\/#breadcrumb\"},\"inLanguage\":\"hu\",\"potentialAction\":[{\"@type\":\"ReadAction\",\"target\":[\"https:\/\/www.budapestatumanera.com\/index.php\/haz-tu-reserva\/\"]}]},{\"@type\":\"BreadcrumbList\",\"@id\":\"https:\/\/www.budapestatumanera.com\/index.php\/haz-tu-reserva\/#breadcrumb\",\"itemListElement\":[{\"@type\":\"ListItem\",\"position\":1,\"name\":\"Home\",\"item\":\"https:\/\/www.budapestatumanera.com\/\"},{\"@type\":\"ListItem\",\"position\":2,\"name\":\"HAZ TU RESERVA\"}]},{\"@type\":\"WebSite\",\"@id\":\"https:\/\/www.budapestatumanera.com\/#website\",\"url\":\"https:\/\/www.budapestatumanera.com\/\",\"name\":\"Budapest a tu manera\",\"description\":\"Budapest a tu manera | Vive Budapest como un local\",\"potentialAction\":[{\"@type\":\"SearchAction\",\"target\":{\"@type\":\"EntryPoint\",\"urlTemplate\":\"https:\/\/www.budapestatumanera.com\/?s={search_term_string}\"},\"query-input\":\"required name=search_term_string\"}],\"inLanguage\":\"hu\"}]}<\/script>\n<!-- \/ Yoast SEO plugin. -->","yoast_head_json":{"title":"HAZ TU RESERVA | Budapest a tu manera","description":"H\u00fangaro expr\u00e9s 1 hora. H\u00fangaro expr\u00e9s 2 horas. Vive Budapest como un local. Grupos privados y abiertos con un m\u00e1ximo de 6 personas.","robots":{"index":"index","follow":"follow","max-snippet":"max-snippet:-1","max-image-preview":"max-image-preview:large","max-video-preview":"max-video-preview:-1"},"canonical":"https:\/\/www.budapestatumanera.com\/index.php\/haz-tu-reserva\/","og_locale":"hu_HU","og_type":"article","og_title":"HAZ TU RESERVA | Budapest a tu manera","og_description":"H\u00fangaro expr\u00e9s 1 hora. H\u00fangaro expr\u00e9s 2 horas. Vive Budapest como un local. Grupos privados y abiertos con un m\u00e1ximo de 6 personas.","og_url":"https:\/\/www.budapestatumanera.com\/index.php\/haz-tu-reserva\/","og_site_name":"Budapest a tu manera","article_modified_time":"2022-01-18T13:57:12+00:00","twitter_card":"summary_large_image","twitter_misc":{"Becs\u00fclt olvas\u00e1si id\u0151":"1 perc"},"schema":{"@context":"https:\/\/schema.org","@graph":[{"@type":"WebPage","@id":"https:\/\/www.budapestatumanera.com\/index.php\/haz-tu-reserva\/","url":"https:\/\/www.budapestatumanera.com\/index.php\/haz-tu-reserva\/","name":"HAZ TU RESERVA | Budapest a tu manera","isPartOf":{"@id":"https:\/\/www.budapestatumanera.com\/#website"},"datePublished":"2017-01-26T11:32:01+00:00","dateModified":"2022-01-18T13:57:12+00:00","description":"H\u00fangaro expr\u00e9s 1 hora. H\u00fangaro expr\u00e9s 2 horas. Vive Budapest como un local. Grupos privados y abiertos con un m\u00e1ximo de 6 personas.","breadcrumb":{"@id":"https:\/\/www.budapestatumanera.com\/index.php\/haz-tu-reserva\/#breadcrumb"},"inLanguage":"hu","potentialAction":[{"@type":"ReadAction","target":["https:\/\/www.budapestatumanera.com\/index.php\/haz-tu-reserva\/"]}]},{"@type":"BreadcrumbList","@id":"https:\/\/www.budapestatumanera.com\/index.php\/haz-tu-reserva\/#breadcrumb","itemListElement":[{"@type":"ListItem","position":1,"name":"Home","item":"https:\/\/www.budapestatumanera.com\/"},{"@type":"ListItem","position":2,"name":"HAZ TU RESERVA"}]},{"@type":"WebSite","@id":"https:\/\/www.budapestatumanera.com\/#website","url":"https:\/\/www.budapestatumanera.com\/","name":"Budapest a tu manera","description":"Budapest a tu manera | Vive Budapest como un local","potentialAction":[{"@type":"SearchAction","target":{"@type":"EntryPoint","urlTemplate":"https:\/\/www.budapestatumanera.com\/?s={search_term_string}"},"query-input":"required name=search_term_string"}],"inLanguage":"hu"}]}},"_links":{"self":[{"href":"https:\/\/www.budapestatumanera.com\/index.php\/wp-json\/wp\/v2\/pages\/58"}],"collection":[{"href":"https:\/\/www.budapestatumanera.com\/index.php\/wp-json\/wp\/v2\/pages"}],"about":[{"href":"https:\/\/www.budapestatumanera.com\/index.php\/wp-json\/wp\/v2\/types\/page"}],"author":[{"embeddable":true,"href":"https:\/\/www.budapestatumanera.com\/index.php\/wp-json\/wp\/v2\/users\/1"}],"replies":[{"embeddable":true,"href":"https:\/\/www.budapestatumanera.com\/index.php\/wp-json\/wp\/v2\/comments?post=58"}],"version-history":[{"count":15,"href":"https:\/\/www.budapestatumanera.com\/index.php\/wp-json\/wp\/v2\/pages\/58\/revisions"}],"predecessor-version":[{"id":564,"href":"https:\/\/www.budapestatumanera.com\/index.php\/wp-json\/wp\/v2\/pages\/58\/revisions\/564"}],"wp:attachment":[{"href":"https:\/\/www.budapestatumanera.com\/index.php\/wp-json\/wp\/v2\/media?parent=58"}],"curies":[{"name":"wp","href":"https:\/\/api.w.org\/{rel}","templated":true}]}}