{"id":43,"date":"2017-01-26T12:01:54","date_gmt":"2017-01-26T11:01:54","guid":{"rendered":"http:\/\/www.budapestatumanera.com\/?page_id=43"},"modified":"2022-01-18T14:57:12","modified_gmt":"2022-01-18T13:57:12","slug":"clases-y-rutas","status":"publish","type":"page","link":"https:\/\/www.budapestatumanera.com\/index.php\/clases-y-rutas\/","title":{"rendered":"RUTAS"},"content":{"rendered":"<p><div class=\"fusion-fullwidth fullwidth-box fusion-builder-row-1 nonhundred-percent-fullwidth non-hundred-percent-height-scrolling\" style=\"--awb-background-position:left top;--awb-border-radius-top-left:0px;--awb-border-radius-top-right:0px;--awb-border-radius-bottom-right:0px;--awb-border-radius-bottom-left:0px;--awb-padding-top:0px;--awb-padding-right:10%;--awb-padding-bottom:0px;--awb-padding-left:10%;--awb-border-sizes-top:0px;--awb-border-sizes-bottom:0px;--awb-flex-wrap:wrap;\" ><div class=\"fusion-builder-row fusion-row\"><div class=\"fusion-layout-column fusion_builder_column fusion-builder-column-0 fusion_builder_column_1_3 1_3 fusion-one-third fusion-column-first\" style=\"--awb-bg-size:cover;width:30.6666%; margin-right: 4%;\"><div class=\"fusion-column-wrapper fusion-flex-column-wrapper-legacy\"><div class=\"fusion-text fusion-text-1\"><h1 style=\"text-align: center;\">H\u00fangaro expr\u00e9s<br \/>\n1 hora<\/h1>\n<\/div><ul style=\"--awb-size:20px;--awb-line-height:34px;--awb-icon-width:34px;--awb-icon-height:34px;--awb-icon-margin:14px;--awb-content-margin:48px;--awb-circlecolor:#ff8041;--awb-circle-yes-font-size:17.6px;\" class=\"fusion-checklist fusion-checklist-1 fusion-checklist-default type-icons\"><li class=\"fusion-li-item\" style=\"\"><span class=\"icon-wrapper circle-yes\"><i class=\"fusion-li-icon fa fa-star\" aria-hidden=\"true\"><\/i><\/span><div class=\"fusion-li-item-content\">Actividad en espa\u00f1ol<\/div><\/li><li class=\"fusion-li-item\" style=\"\"><span class=\"icon-wrapper circle-yes\"><i class=\"fusion-li-icon fa fa-star\" aria-hidden=\"true\"><\/i><\/span><div class=\"fusion-li-item-content\">La mejor forma de comenzar tu visita a la ciudad<\/div><\/li><li class=\"fusion-li-item\" style=\"\"><span class=\"icon-wrapper circle-yes\"><i class=\"fusion-li-icon fa fa-star\" aria-hidden=\"true\"><\/i><\/span><div class=\"fusion-li-item-content\">Profesores gu\u00edas simp\u00e1ticos y con gran experiencia docente<\/div><\/li><li class=\"fusion-li-item\" style=\"\"><span class=\"icon-wrapper circle-yes\"><i class=\"fusion-li-icon fa fa-star\" aria-hidden=\"true\"><\/i><\/span><div class=\"fusion-li-item-content\">Interacci\u00f3n con lugare\u00f1os<\/div><\/li><li class=\"fusion-li-item\" style=\"\"><span class=\"icon-wrapper circle-yes\"><i class=\"fusion-li-icon fa fa-star\" aria-hidden=\"true\"><\/i><\/span><div class=\"fusion-li-item-content\">Atenci\u00f3n personal<\/div><\/li><li class=\"fusion-li-item\" style=\"\"><span class=\"icon-wrapper circle-yes\"><i class=\"fusion-li-icon fa fa-star\" aria-hidden=\"true\"><\/i><\/span><div class=\"fusion-li-item-content\">Grupos privados o grupos reducidos de m\u00e1x. 6 personas<\/div><\/li><li class=\"fusion-li-item\" style=\"\"><span class=\"icon-wrapper circle-yes\"><i class=\"fusion-li-icon fa fa-star\" aria-hidden=\"true\"><\/i><\/span><div class=\"fusion-li-item-content\">Consejos pr\u00e1cticos para tu estancia en la ciudad<\/div><\/li><li class=\"fusion-li-item\" style=\"\"><span class=\"icon-wrapper circle-yes\"><i class=\"fusion-li-icon fa fa-star\" aria-hidden=\"true\"><\/i><\/span><div class=\"fusion-li-item-content\">Servicio de alta calidad<\/div><\/li><li class=\"fusion-li-item\" style=\"\"><span class=\"icon-wrapper circle-yes\"><i class=\"fusion-li-icon fa fa-star\" aria-hidden=\"true\"><\/i><\/span><div class=\"fusion-li-item-content\">Bienvenidas todas las edades a partir de los 13<\/div><\/li><li class=\"fusion-li-item\" style=\"\"><span class=\"icon-wrapper circle-yes\"><i class=\"fusion-li-icon fa fa-star\" aria-hidden=\"true\"><\/i><\/span><div class=\"fusion-li-item-content\">Clases divertidas<\/div><\/li><li class=\"fusion-li-item\" style=\"\"><span class=\"icon-wrapper circle-yes\"><i class=\"fusion-li-icon fa fa-star\" aria-hidden=\"true\"><\/i><\/span><div class=\"fusion-li-item-content\">Te invitamos a un caf\u00e9<\/div><\/li><\/ul><div class=\"fusion-clearfix\"><\/div><\/div><\/div><div class=\"fusion-layout-column fusion_builder_column fusion-builder-column-1 fusion_builder_column_1_3 1_3 fusion-one-third\" style=\"--awb-bg-size:cover;width:30.6666%; margin-right: 4%;\"><div class=\"fusion-column-wrapper fusion-flex-column-wrapper-legacy\"><div class=\"fusion-text fusion-text-2\"><h1 style=\"text-align: center;\">Primeros pasos<br \/>\nen Budapest<\/h1>\n<\/div><ul style=\"--awb-size:20px;--awb-line-height:34px;--awb-icon-width:34px;--awb-icon-height:34px;--awb-icon-margin:14px;--awb-content-margin:48px;--awb-circlecolor:#ff8041;--awb-circle-yes-font-size:17.6px;\" class=\"fusion-checklist fusion-checklist-2 fusion-checklist-default type-icons\"><li class=\"fusion-li-item\" style=\"\"><span class=\"icon-wrapper circle-yes\"><i class=\"fusion-li-icon fa fa-star\" aria-hidden=\"true\"><\/i><\/span><div class=\"fusion-li-item-content\">Actividad en espa\u00f1ol<\/div><\/li><li class=\"fusion-li-item\" style=\"\"><span class=\"icon-wrapper circle-yes\"><i class=\"fusion-li-icon fa fa-star\" aria-hidden=\"true\"><\/i><\/span><div class=\"fusion-li-item-content\">Lo primero que debes hacer nada m\u00e1s llegar a Budapest<\/div><\/li><li class=\"fusion-li-item\" style=\"\"><span class=\"icon-wrapper circle-yes\"><i class=\"fusion-li-icon fa fa-star\" aria-hidden=\"true\"><\/i><\/span><div class=\"fusion-li-item-content\">Entretenimiento e informaci\u00f3n<\/div><\/li><li class=\"fusion-li-item\" style=\"\"><span class=\"icon-wrapper circle-yes\"><i class=\"fusion-li-icon fa fa-star\" aria-hidden=\"true\"><\/i><\/span><div class=\"fusion-li-item-content\">Consejos pr\u00e1cticos para tu estancia en la ciudad<\/div><\/li><li class=\"fusion-li-item\" style=\"\"><span class=\"icon-wrapper circle-yes\"><i class=\"fusion-li-icon fa fa-star\" aria-hidden=\"true\"><\/i><\/span><div class=\"fusion-li-item-content\">Lugares fuera de los circuitos tur\u00edsticos<\/div><\/li><li class=\"fusion-li-item\" style=\"\"><span class=\"icon-wrapper circle-yes\"><i class=\"fusion-li-icon fa fa-star\" aria-hidden=\"true\"><\/i><\/span><div class=\"fusion-li-item-content\">Grupos privados o grupos reducidos de m\u00e1x. 6 personas<\/div><\/li><li class=\"fusion-li-item\" style=\"\"><span class=\"icon-wrapper circle-yes\"><i class=\"fusion-li-icon fa fa-star\" aria-hidden=\"true\"><\/i><\/span><div class=\"fusion-li-item-content\">Atenci\u00f3n personal<\/div><\/li><li class=\"fusion-li-item\" style=\"\"><span class=\"icon-wrapper circle-yes\"><i class=\"fusion-li-icon fa fa-star\" aria-hidden=\"true\"><\/i><\/span><div class=\"fusion-li-item-content\">Servicio de alta calidad<\/div><\/li><li class=\"fusion-li-item\" style=\"\"><span class=\"icon-wrapper circle-yes\"><i class=\"fusion-li-icon fa fa-star\" aria-hidden=\"true\"><\/i><\/span><div class=\"fusion-li-item-content\">Bienvenidas todas las edades a partir de los 13<\/div><\/li><li class=\"fusion-li-item\" style=\"\"><span class=\"icon-wrapper circle-yes\"><i class=\"fusion-li-icon fa fa-star\" aria-hidden=\"true\"><\/i><\/span><div class=\"fusion-li-item-content\">Te invitamos a un caf\u00e9<\/div><\/li><\/ul><div class=\"fusion-clearfix\"><\/div><\/div><\/div><div class=\"fusion-layout-column fusion_builder_column fusion-builder-column-2 fusion_builder_column_1_3 1_3 fusion-one-third fusion-column-last\" style=\"--awb-bg-size:cover;width:30.6666%;\"><div class=\"fusion-column-wrapper fusion-flex-column-wrapper-legacy\"><div class=\"fusion-text fusion-text-3\"><h1 style=\"text-align: center;\">Vive Budapest<br \/>\ncomo un local<\/h1>\n<\/div><ul style=\"--awb-size:20px;--awb-line-height:34px;--awb-icon-width:34px;--awb-icon-height:34px;--awb-icon-margin:14px;--awb-content-margin:48px;--awb-circlecolor:#ff8041;--awb-circle-yes-font-size:17.6px;\" class=\"fusion-checklist fusion-checklist-3 fusion-checklist-default type-icons\"><li class=\"fusion-li-item\" style=\"\"><span class=\"icon-wrapper circle-yes\"><i class=\"fusion-li-icon fa fa-star\" aria-hidden=\"true\"><\/i><\/span><div class=\"fusion-li-item-content\">Actividad en espa\u00f1ol<\/div><\/li><li class=\"fusion-li-item\" style=\"\"><span class=\"icon-wrapper circle-yes\"><i class=\"fusion-li-icon fa fa-star\" aria-hidden=\"true\"><\/i><\/span><div class=\"fusion-li-item-content\">Itinerario personalizado y flexibilidad<\/div><\/li><li class=\"fusion-li-item\" style=\"\"><span class=\"icon-wrapper circle-yes\"><i class=\"fusion-li-icon fa fa-star\" aria-hidden=\"true\"><\/i><\/span><div class=\"fusion-li-item-content\">Experimentar en vez de solo observar<\/div><\/li><li class=\"fusion-li-item\" style=\"\"><span class=\"icon-wrapper circle-yes\"><i class=\"fusion-li-icon fa fa-star\" aria-hidden=\"true\"><\/i><\/span><div class=\"fusion-li-item-content\">Sorpresas y rincones secretos<\/div><\/li><li class=\"fusion-li-item\" style=\"\"><span class=\"icon-wrapper circle-yes\"><i class=\"fusion-li-icon fa fa-star\" aria-hidden=\"true\"><\/i><\/span><div class=\"fusion-li-item-content\">Escenarios de la vida real<\/div><\/li><li class=\"fusion-li-item\" style=\"\"><span class=\"icon-wrapper circle-yes\"><i class=\"fusion-li-icon fa fa-star\" aria-hidden=\"true\"><\/i><\/span><div class=\"fusion-li-item-content\">Te ense\u00f1amos un poco de h\u00fangaro<\/div><\/li><li class=\"fusion-li-item\" style=\"\"><span class=\"icon-wrapper circle-yes\"><i class=\"fusion-li-icon fa fa-star\" aria-hidden=\"true\"><\/i><\/span><div class=\"fusion-li-item-content\">Tours y lugares fuera de los circuitos tur\u00edsticos<\/div><\/li><li class=\"fusion-li-item\" style=\"\"><span class=\"icon-wrapper circle-yes\"><i class=\"fusion-li-icon fa fa-star\" aria-hidden=\"true\"><\/i><\/span><div class=\"fusion-li-item-content\">Servicio de alta calidad<\/div><\/li><li class=\"fusion-li-item\" style=\"\"><span class=\"icon-wrapper circle-yes\"><i class=\"fusion-li-icon fa fa-star\" aria-hidden=\"true\"><\/i><\/span><div class=\"fusion-li-item-content\">Desplazamiento en transporte p\u00fablico y a pie (billetes no incluidos en el precio)<\/div><\/li><li class=\"fusion-li-item\" style=\"\"><span class=\"icon-wrapper circle-yes\"><i class=\"fusion-li-icon fa fa-star\" aria-hidden=\"true\"><\/i><\/span><div class=\"fusion-li-item-content\">Rutas privadas<\/div><\/li><li class=\"fusion-li-item\" style=\"\"><span class=\"icon-wrapper circle-yes\"><i class=\"fusion-li-icon fa fa-star\" aria-hidden=\"true\"><\/i><\/span><div class=\"fusion-li-item-content\">Te invitamos a un caf\u00e9<\/div><\/li><\/ul><div class=\"fusion-clearfix\"><\/div><\/div><\/div><\/div><\/div><div class=\"fusion-fullwidth fullwidth-box fusion-builder-row-2 nonhundred-percent-fullwidth non-hundred-percent-height-scrolling\" style=\"--awb-background-position:left top;--awb-border-radius-top-left:0px;--awb-border-radius-top-right:0px;--awb-border-radius-bottom-right:0px;--awb-border-radius-bottom-left:0px;--awb-padding-right:0px;--awb-padding-left:0px;--awb-border-sizes-top:0px;--awb-border-sizes-bottom:0px;--awb-flex-wrap:wrap;\" ><div class=\"fusion-builder-row fusion-row\"><div class=\"fusion-layout-column fusion_builder_column fusion-builder-column-3 fusion_builder_column_1_3 1_3 fusion-one-third fusion-column-first\" style=\"--awb-bg-size:cover;width:30.6666%; margin-right: 4%;\"><div class=\"fusion-column-wrapper fusion-flex-column-wrapper-legacy\"><div class=\"fusion-clearfix\"><\/div><\/div><\/div><div class=\"fusion-layout-column fusion_builder_column fusion-builder-column-4 fusion_builder_column_1_3 1_3 fusion-one-third\" style=\"--awb-bg-size:cover;width:30.6666%; margin-right: 4%;\"><div class=\"fusion-column-wrapper fusion-flex-column-wrapper-legacy\"><div class=\"fusion-text fusion-text-4\"><h1 style=\"text-align: center;\">\u00bfQu\u00e9 te ofrecemos?<\/h1>\n<\/div><div class=\"fusion-sep-clear\"><\/div><div class=\"fusion-separator fusion-full-width-sep\" style=\"margin-left: auto;margin-right: auto;width:100%;\"><\/div><div class=\"fusion-sep-clear\"><\/div><div class=\"fusion-image-element fusion-image-align-center in-legacy-container\" style=\"text-align:center;--awb-caption-title-font-family:var(--h2_typography-font-family);--awb-caption-title-font-weight:var(--h2_typography-font-weight);--awb-caption-title-font-style:var(--h2_typography-font-style);--awb-caption-title-size:var(--h2_typography-font-size);--awb-caption-title-transform:var(--h2_typography-text-transform);--awb-caption-title-line-height:var(--h2_typography-line-height);--awb-caption-title-letter-spacing:var(--h2_typography-letter-spacing);\"><div class=\"imageframe-align-center\"><span class=\" fusion-imageframe imageframe-none imageframe-1 hover-type-none\"><img decoding=\"async\" width=\"150\" height=\"150\" alt=\"Budapest a tu manera | Clases y rutas\" title=\"Budapest a tu manera | Clases y rutas\" src=\"https:\/\/www.budapestatumanera.com\/wp-content\/uploads\/2017\/01\/budapest-a-tu-manera-rutas.png\" class=\"img-responsive wp-image-192\" srcset=\"https:\/\/www.budapestatumanera.com\/wp-content\/uploads\/2017\/01\/budapest-a-tu-manera-rutas-66x66.png 66w, https:\/\/www.budapestatumanera.com\/wp-content\/uploads\/2017\/01\/budapest-a-tu-manera-rutas.png 150w\" sizes=\"(max-width: 150px) 100vw, 150px\" \/><\/span><\/div><\/div><div class=\"fusion-clearfix\"><\/div><\/div><\/div><div class=\"fusion-layout-column fusion_builder_column fusion-builder-column-5 fusion_builder_column_1_3 1_3 fusion-one-third fusion-column-last\" style=\"--awb-bg-size:cover;width:30.6666%;\"><div class=\"fusion-column-wrapper fusion-flex-column-wrapper-legacy\"><div class=\"fusion-clearfix\"><\/div><\/div><\/div><\/div><\/div><div class=\"fusion-fullwidth fullwidth-box fusion-builder-row-3 nonhundred-percent-fullwidth non-hundred-percent-height-scrolling\" style=\"--awb-background-position:left top;--awb-border-radius-top-left:0px;--awb-border-radius-top-right:0px;--awb-border-radius-bottom-right:0px;--awb-border-radius-bottom-left:0px;--awb-padding-right:0px;--awb-padding-left:0px;--awb-border-sizes-top:0px;--awb-border-sizes-bottom:0px;--awb-flex-wrap:wrap;\" ><div class=\"fusion-builder-row fusion-row\"><div class=\"fusion-layout-column fusion_builder_column fusion-builder-column-6 fusion_builder_column_1_3 1_3 fusion-one-third fusion-column-first\" style=\"--awb-bg-size:cover;width:30.6666%; margin-right: 4%;\"><div class=\"fusion-column-wrapper fusion-flex-column-wrapper-legacy\"><div class=\"fusion-sep-clear\"><\/div><div class=\"fusion-separator fusion-full-width-sep\" style=\"margin-left: auto;margin-right: auto;width:100%;\"><\/div><div class=\"fusion-sep-clear\"><\/div><div class=\"fusion-text fusion-text-5\"><p style=\"text-align: left;\">Participando en <strong>H\u00fangaro expr\u00e9s<\/strong> ser\u00e1s capaz de pronunciar lo escrito en h\u00fangaro y aprender\u00e1s algunas expresiones b\u00e1sicas que ser\u00e1n de utilidad durante tu estancia en Budapest. Nuestras actividades son interactivas y entretenidas, y tendr\u00e1s oportunidad de practicar los conocimientos adquiridos en situaciones comunicativas reales. Asimismo te daremos consejos que te ahorrar\u00e1n tiempo y esfuerzos y te har\u00e1n el viaje m\u00e1s agradable y especial.<\/p>\n<\/div><div class=\"fusion-clearfix\"><\/div><\/div><\/div><div class=\"fusion-layout-column fusion_builder_column fusion-builder-column-7 fusion_builder_column_1_3 1_3 fusion-one-third\" style=\"--awb-bg-size:cover;width:30.6666%; margin-right: 4%;\"><div class=\"fusion-column-wrapper fusion-flex-column-wrapper-legacy\"><div class=\"fusion-sep-clear\"><\/div><div class=\"fusion-separator fusion-full-width-sep\" style=\"margin-left: auto;margin-right: auto;width:100%;\"><\/div><div class=\"fusion-sep-clear\"><\/div><div class=\"fusion-text fusion-text-6\"><p style=\"text-align: left;\">Una vez aterrizad@ en Budapest, ap\u00fantate a <strong>Primeros pasos en Budapest, <\/strong>el mejor comienzo posible para tu visita a la ciudad. Te explicaremos cosas que son imprescindibles para que luego no te sientas como un guiri en Budapest y puedas disfrutar de tu estancia al m\u00e1ximo. Tambi\u00e9n te ense\u00f1aremos un poco de h\u00fangaro, para que te familiarices m\u00e1s con la ciudad y sus habitantes. Te lleveremos a sitios interesantes que frecuentan los lugare\u00f1os y que te permitir\u00e1n echar un vistazo a su estilo de vida.<\/p>\n<\/div><div class=\"fusion-clearfix\"><\/div><\/div><\/div><div class=\"fusion-layout-column fusion_builder_column fusion-builder-column-8 fusion_builder_column_1_3 1_3 fusion-one-third fusion-column-last\" style=\"--awb-bg-size:cover;width:30.6666%;\"><div class=\"fusion-column-wrapper fusion-flex-column-wrapper-legacy\"><div class=\"fusion-sep-clear\"><\/div><div class=\"fusion-separator fusion-full-width-sep\" style=\"margin-left: auto;margin-right: auto;width:100%;\"><\/div><div class=\"fusion-sep-clear\"><\/div><div class=\"fusion-text fusion-text-7\"><p style=\"text-align: left;\">Si te apuntas a <strong>Vive Budapest como un local<\/strong>, te prometemos que tu visita no se limitar\u00e1 a que tengas que seguir un paraguas. Nos comprometemos a ayudarte a que t\u00fa mismo descubras la ciudad, que tengas oportunidad de vivirla, en vez de solo observarla. Confeccionaremos tu ruta de acuerdo con tus intereses y tus gustos. Te ense\u00f1aremos un poco de h\u00fangaro y te llevaremos a lugares que te permitan echar un vistazo al estilo de vida h\u00fangaro y a la realidad de Budapest.<\/p>\n<\/div><div class=\"fusion-clearfix\"><\/div><\/div><\/div><\/div><\/div><\/p>\n","protected":false},"excerpt":{"rendered":"","protected":false},"author":1,"featured_media":199,"parent":0,"menu_order":0,"comment_status":"closed","ping_status":"closed","template":"100-width.php","meta":{"footnotes":""},"class_list":["post-43","page","type-page","status-publish","has-post-thumbnail","hentry"],"yoast_head":"<!-- This site is optimized with the Yoast SEO plugin v23.3 - https:\/\/yoast.com\/wordpress\/plugins\/seo\/ -->\n<title>RUTAS | Budapest a tu manera<\/title>\n<meta name=\"description\" content=\"Vive Budapest como un local. Rutas privadas. Divertidas clases de h\u00fangaro. Tours y lugares fuera de los circuitos tur\u00edsticos.\" \/>\n<meta name=\"robots\" content=\"index, follow, max-snippet:-1, max-image-preview:large, max-video-preview:-1\" \/>\n<link rel=\"canonical\" href=\"https:\/\/www.budapestatumanera.com\/index.php\/clases-y-rutas\/\" \/>\n<meta property=\"og:locale\" content=\"hu_HU\" \/>\n<meta property=\"og:type\" content=\"article\" \/>\n<meta property=\"og:title\" content=\"RUTAS | Budapest a tu manera\" \/>\n<meta property=\"og:description\" content=\"Vive Budapest como un local. Rutas privadas. Divertidas clases de h\u00fangaro. Tours y lugares fuera de los circuitos tur\u00edsticos.\" \/>\n<meta property=\"og:url\" content=\"https:\/\/www.budapestatumanera.com\/index.php\/clases-y-rutas\/\" \/>\n<meta property=\"og:site_name\" content=\"Budapest a tu manera\" \/>\n<meta property=\"article:modified_time\" content=\"2022-01-18T13:57:12+00:00\" \/>\n<meta property=\"og:image\" content=\"https:\/\/www.budapestatumanera.com\/wp-content\/uploads\/2017\/01\/bpatumanera-clases-y-rutas.jpg\" \/>\n\t<meta property=\"og:image:width\" content=\"1200\" \/>\n\t<meta property=\"og:image:height\" content=\"350\" \/>\n\t<meta property=\"og:image:type\" content=\"image\/jpeg\" \/>\n<meta name=\"twitter:card\" content=\"summary_large_image\" \/>\n<meta name=\"twitter:label1\" content=\"Becs\u00fclt olvas\u00e1si id\u0151\" \/>\n\t<meta name=\"twitter:data1\" content=\"9 perc\" \/>\n<script type=\"application\/ld+json\" class=\"yoast-schema-graph\">{\"@context\":\"https:\/\/schema.org\",\"@graph\":[{\"@type\":\"WebPage\",\"@id\":\"https:\/\/www.budapestatumanera.com\/index.php\/clases-y-rutas\/\",\"url\":\"https:\/\/www.budapestatumanera.com\/index.php\/clases-y-rutas\/\",\"name\":\"RUTAS | Budapest a tu manera\",\"isPartOf\":{\"@id\":\"https:\/\/www.budapestatumanera.com\/#website\"},\"primaryImageOfPage\":{\"@id\":\"https:\/\/www.budapestatumanera.com\/index.php\/clases-y-rutas\/#primaryimage\"},\"image\":{\"@id\":\"https:\/\/www.budapestatumanera.com\/index.php\/clases-y-rutas\/#primaryimage\"},\"thumbnailUrl\":\"https:\/\/www.budapestatumanera.com\/wp-content\/uploads\/2017\/01\/bpatumanera-clases-y-rutas.jpg\",\"datePublished\":\"2017-01-26T11:01:54+00:00\",\"dateModified\":\"2022-01-18T13:57:12+00:00\",\"description\":\"Vive Budapest como un local. Rutas privadas. Divertidas clases de h\u00fangaro. Tours y lugares fuera de los circuitos tur\u00edsticos.\",\"breadcrumb\":{\"@id\":\"https:\/\/www.budapestatumanera.com\/index.php\/clases-y-rutas\/#breadcrumb\"},\"inLanguage\":\"hu\",\"potentialAction\":[{\"@type\":\"ReadAction\",\"target\":[\"https:\/\/www.budapestatumanera.com\/index.php\/clases-y-rutas\/\"]}]},{\"@type\":\"ImageObject\",\"inLanguage\":\"hu\",\"@id\":\"https:\/\/www.budapestatumanera.com\/index.php\/clases-y-rutas\/#primaryimage\",\"url\":\"https:\/\/www.budapestatumanera.com\/wp-content\/uploads\/2017\/01\/bpatumanera-clases-y-rutas.jpg\",\"contentUrl\":\"https:\/\/www.budapestatumanera.com\/wp-content\/uploads\/2017\/01\/bpatumanera-clases-y-rutas.jpg\",\"width\":1200,\"height\":350,\"caption\":\"Budapest a tu manera | clases y rutas\"},{\"@type\":\"BreadcrumbList\",\"@id\":\"https:\/\/www.budapestatumanera.com\/index.php\/clases-y-rutas\/#breadcrumb\",\"itemListElement\":[{\"@type\":\"ListItem\",\"position\":1,\"name\":\"Home\",\"item\":\"https:\/\/www.budapestatumanera.com\/\"},{\"@type\":\"ListItem\",\"position\":2,\"name\":\"RUTAS\"}]},{\"@type\":\"WebSite\",\"@id\":\"https:\/\/www.budapestatumanera.com\/#website\",\"url\":\"https:\/\/www.budapestatumanera.com\/\",\"name\":\"Budapest a tu manera\",\"description\":\"Budapest a tu manera | Vive Budapest como un local\",\"potentialAction\":[{\"@type\":\"SearchAction\",\"target\":{\"@type\":\"EntryPoint\",\"urlTemplate\":\"https:\/\/www.budapestatumanera.com\/?s={search_term_string}\"},\"query-input\":\"required name=search_term_string\"}],\"inLanguage\":\"hu\"}]}<\/script>\n<!-- \/ Yoast SEO plugin. -->","yoast_head_json":{"title":"RUTAS | Budapest a tu manera","description":"Vive Budapest como un local. Rutas privadas. Divertidas clases de h\u00fangaro. Tours y lugares fuera de los circuitos tur\u00edsticos.","robots":{"index":"index","follow":"follow","max-snippet":"max-snippet:-1","max-image-preview":"max-image-preview:large","max-video-preview":"max-video-preview:-1"},"canonical":"https:\/\/www.budapestatumanera.com\/index.php\/clases-y-rutas\/","og_locale":"hu_HU","og_type":"article","og_title":"RUTAS | Budapest a tu manera","og_description":"Vive Budapest como un local. Rutas privadas. Divertidas clases de h\u00fangaro. Tours y lugares fuera de los circuitos tur\u00edsticos.","og_url":"https:\/\/www.budapestatumanera.com\/index.php\/clases-y-rutas\/","og_site_name":"Budapest a tu manera","article_modified_time":"2022-01-18T13:57:12+00:00","og_image":[{"width":1200,"height":350,"url":"https:\/\/www.budapestatumanera.com\/wp-content\/uploads\/2017\/01\/bpatumanera-clases-y-rutas.jpg","type":"image\/jpeg"}],"twitter_card":"summary_large_image","twitter_misc":{"Becs\u00fclt olvas\u00e1si id\u0151":"9 perc"},"schema":{"@context":"https:\/\/schema.org","@graph":[{"@type":"WebPage","@id":"https:\/\/www.budapestatumanera.com\/index.php\/clases-y-rutas\/","url":"https:\/\/www.budapestatumanera.com\/index.php\/clases-y-rutas\/","name":"RUTAS | Budapest a tu manera","isPartOf":{"@id":"https:\/\/www.budapestatumanera.com\/#website"},"primaryImageOfPage":{"@id":"https:\/\/www.budapestatumanera.com\/index.php\/clases-y-rutas\/#primaryimage"},"image":{"@id":"https:\/\/www.budapestatumanera.com\/index.php\/clases-y-rutas\/#primaryimage"},"thumbnailUrl":"https:\/\/www.budapestatumanera.com\/wp-content\/uploads\/2017\/01\/bpatumanera-clases-y-rutas.jpg","datePublished":"2017-01-26T11:01:54+00:00","dateModified":"2022-01-18T13:57:12+00:00","description":"Vive Budapest como un local. Rutas privadas. Divertidas clases de h\u00fangaro. Tours y lugares fuera de los circuitos tur\u00edsticos.","breadcrumb":{"@id":"https:\/\/www.budapestatumanera.com\/index.php\/clases-y-rutas\/#breadcrumb"},"inLanguage":"hu","potentialAction":[{"@type":"ReadAction","target":["https:\/\/www.budapestatumanera.com\/index.php\/clases-y-rutas\/"]}]},{"@type":"ImageObject","inLanguage":"hu","@id":"https:\/\/www.budapestatumanera.com\/index.php\/clases-y-rutas\/#primaryimage","url":"https:\/\/www.budapestatumanera.com\/wp-content\/uploads\/2017\/01\/bpatumanera-clases-y-rutas.jpg","contentUrl":"https:\/\/www.budapestatumanera.com\/wp-content\/uploads\/2017\/01\/bpatumanera-clases-y-rutas.jpg","width":1200,"height":350,"caption":"Budapest a tu manera | clases y rutas"},{"@type":"BreadcrumbList","@id":"https:\/\/www.budapestatumanera.com\/index.php\/clases-y-rutas\/#breadcrumb","itemListElement":[{"@type":"ListItem","position":1,"name":"Home","item":"https:\/\/www.budapestatumanera.com\/"},{"@type":"ListItem","position":2,"name":"RUTAS"}]},{"@type":"WebSite","@id":"https:\/\/www.budapestatumanera.com\/#website","url":"https:\/\/www.budapestatumanera.com\/","name":"Budapest a tu manera","description":"Budapest a tu manera | Vive Budapest como un local","potentialAction":[{"@type":"SearchAction","target":{"@type":"EntryPoint","urlTemplate":"https:\/\/www.budapestatumanera.com\/?s={search_term_string}"},"query-input":"required name=search_term_string"}],"inLanguage":"hu"}]}},"_links":{"self":[{"href":"https:\/\/www.budapestatumanera.com\/index.php\/wp-json\/wp\/v2\/pages\/43"}],"collection":[{"href":"https:\/\/www.budapestatumanera.com\/index.php\/wp-json\/wp\/v2\/pages"}],"about":[{"href":"https:\/\/www.budapestatumanera.com\/index.php\/wp-json\/wp\/v2\/types\/page"}],"author":[{"embeddable":true,"href":"https:\/\/www.budapestatumanera.com\/index.php\/wp-json\/wp\/v2\/users\/1"}],"replies":[{"embeddable":true,"href":"https:\/\/www.budapestatumanera.com\/index.php\/wp-json\/wp\/v2\/comments?post=43"}],"version-history":[{"count":23,"href":"https:\/\/www.budapestatumanera.com\/index.php\/wp-json\/wp\/v2\/pages\/43\/revisions"}],"predecessor-version":[{"id":567,"href":"https:\/\/www.budapestatumanera.com\/index.php\/wp-json\/wp\/v2\/pages\/43\/revisions\/567"}],"wp:featuredmedia":[{"embeddable":true,"href":"https:\/\/www.budapestatumanera.com\/index.php\/wp-json\/wp\/v2\/media\/199"}],"wp:attachment":[{"href":"https:\/\/www.budapestatumanera.com\/index.php\/wp-json\/wp\/v2\/media?parent=43"}],"curies":[{"name":"wp","href":"https:\/\/api.w.org\/{rel}","templated":true}]}}